{"id":94,"date":"2025-01-08T12:36:09","date_gmt":"2025-01-08T11:36:09","guid":{"rendered":"https:\/\/spanoasesores.com\/?page_id=94"},"modified":"2025-01-16T10:47:07","modified_gmt":"2025-01-16T09:47:07","slug":"novedades-hacienda","status":"publish","type":"page","link":"https:\/\/spanoasesores.com\/index.php\/novedades-hacienda\/","title":{"rendered":"Novedades Hacienda"},"content":{"rendered":"<div class=\"feedzy-0fde09722b016f3e0818af5449ee22c5 feedzy-rss\"><div class=\"rss_header\"><h2><a href=\"https:\/\/sede.agenciatributaria.gob.es\/Sede\/todas-noticias.xml\" class=\"rss_title\" rel=\"noopener\">Todas las novedades - Sede<\/a> <span class=\"rss_description\"> Todas las novedades<\/span><\/h2><\/div><ul><li  style=\"padding: 15px 0 25px\" class=\"rss_item\"><span class=\"title\"><a href=\"https:\/\/sede.agenciatributaria.gob.es\/Sede\/todas-noticias\/2026\/mayo\/6\/inicio-asistencia-telefonica-plan-asistencia-2025.html\" target=\"_blank\" rel=\" noopener\">Inicio de la asistencia telef\u00f3nica y del plan de asistencia en peque\u00f1os municipios en la Campa\u00f1a de Renta 2025<\/a><\/span><div class=\"rss_content\" style=\"\"><small>on 5 de mayo de 2026 at 22:00 <\/small><p>La Agencia Tributaria comienza a prestar, desde el 6 de mayo hasta el 30 de junio de 2026, el servicio de confecci\u00f3n y presentaci\u00f3n de declaraciones de Renta por tel\u00e9fono y el plan de asistencia en peque\u00f1os municipios, ambos con solicitud de cita desde el 29 de abril hasta el 29 de junio de 2026, que permite atender a los contribuyentes hasta el final de la campa\u00f1a de manera personalizada.<\/p><\/div><\/li><li  style=\"padding: 15px 0 25px\" class=\"rss_item\"><span class=\"title\"><a href=\"https:\/\/sede.agenciatributaria.gob.es\/Sede\/todas-noticias\/2026\/abril\/29\/medidas-tributarias-urgentes-otras-medidas-emergencia.html\" target=\"_blank\" rel=\" noopener\">Medidas tributarias urgentes y otras medidas de apoyo en respuesta a los da\u00f1os causados a las v\u00edctimas de siniestros de la DANA y otras situaciones de emergencia<\/a><\/span><div class=\"rss_content\" style=\"\"><small>on 28 de abril de 2026 at 22:00 <\/small><p>Se ha publicado el Real Decreto-ley 10\/2026, de 28 de abril, por el que se aprueban medidas tributarias urgentes y otras medidas de apoyo en respuesta a los da\u00f1os causados a las v\u00edctimas de siniestros de la DANA y otras situaciones de emergencia.<\/p><\/div><\/li><li  style=\"padding: 15px 0 25px\" class=\"rss_item\"><span class=\"title\"><a href=\"https:\/\/sede.agenciatributaria.gob.es\/Sede\/todas-noticias\/2026\/abril\/29\/aviso-seguridad-campana-renta-2025.html\" target=\"_blank\" rel=\" noopener\">Aviso de seguridad para la Campa\u00f1a de la Renta 2025<\/a><\/span><div class=\"rss_content\" style=\"\"><small>on 28 de abril de 2026 at 22:00 <\/small><p>Durante la Campa\u00f1a de la Renta 2025, recuerda que los ciberdelincuentes pueden intentar enga\u00f1arte suplantando a la Agencia Tributaria por medio de correos electr\u00f3nicos (phishing) o SMS (smishing) fraudulentos.<\/p><\/div><\/li><li  style=\"padding: 15px 0 25px\" class=\"rss_item\"><span class=\"title\"><a href=\"https:\/\/sede.agenciatributaria.gob.es\/Sede\/todas-noticias\/2026\/abril\/29\/atencion-telefono-campana-renta-2025-tributaria.html\" target=\"_blank\" rel=\" noopener\">Atenci\u00f3n por tel\u00e9fono en la Campa\u00f1a de la Renta 2025: \u00bfdesde qu\u00e9 tel\u00e9fonos te puede llamar la Agencia Tributaria?<\/a><\/span><div class=\"rss_content\" style=\"\"><small>on 28 de abril de 2026 at 22:00 <\/small><p>Te recordamos que la Agencia Tributaria solo te puede llamar en relaci\u00f3n con la Campa\u00f1a de la Renta si has solicitado una cita a trav\u00e9s de cualquiera de los canales disponibles para ello. Cuando la Agencia Tributaria te llame, lo har\u00e1 exclusivamente a trav\u00e9s de este n\u00famero de tel\u00e9fono: 91 333 5 333<\/p><\/div><\/li><li  style=\"padding: 15px 0 25px\" class=\"rss_item\"><span class=\"title\"><a href=\"https:\/\/sede.agenciatributaria.gob.es\/Sede\/ayuda\/calendario-contribuyente\/calendario-contribuyente-2026\/calendario-anual\/mayo.html\" target=\"_blank\" rel=\" noopener\">Declaraciones y autoliquidaciones cuyo plazo de presentaci\u00f3n finaliza en mayo de 2026<\/a><\/span><div class=\"rss_content\" style=\"\"><small>on 27 de abril de 2026 at 22:00 <\/small><p>Informaci\u00f3n facilitada en el calendario del contribuyente sobre declaraciones y autoliquidaciones cuyo plazo de presentaci\u00f3n finaliza en mayo de 2026.<\/p><\/div><\/li><\/ul> <\/div><style type=\"text\/css\" media=\"all\">.feedzy-rss .rss_item .rss_image{float:left;position:relative;border:none;text-decoration:none;max-width:100%}.feedzy-rss .rss_item .rss_image span{display:inline-block;position:absolute;width:100%;height:100%;background-position:50%;background-size:cover}.feedzy-rss .rss_item .rss_image{margin:.3em 1em 0 0;content-visibility:auto}.feedzy-rss ul{list-style:none}.feedzy-rss ul li{display:inline-block}<\/style>\n","protected":false},"excerpt":{"rendered":"","protected":false},"author":1,"featured_media":0,"parent":0,"menu_order":0,"comment_status":"closed","ping_status":"closed","template":"","meta":{"neve_meta_sidebar":"","neve_meta_container":"","neve_meta_enable_content_width":"","neve_meta_content_width":0,"neve_meta_title_alignment":"","neve_meta_author_avatar":"","neve_post_elements_order":"","neve_meta_disable_header":"","neve_meta_disable_footer":"","neve_meta_disable_title":"","footnotes":""},"class_list":["post-94","page","type-page","status-publish","hentry"],"yoast_head":"<!-- This site is optimized with the Yoast SEO plugin v26.0 - https:\/\/yoast.com\/wordpress\/plugins\/seo\/ -->\n<title>Asesores Fiscales en Murcia | Novedades de Hacienda<\/title>\n<meta name=\"description\" content=\"Mantente informado sobre las \u00faltimas novedades fiscales con Grupo Spano Asesores. Expertos en asesor\u00eda fiscal, contable, laboral y jur\u00eddica.\" \/>\n<meta name=\"robots\" content=\"index, follow, max-snippet:-1, max-image-preview:large, max-video-preview:-1\" \/>\n<link rel=\"canonical\" href=\"https:\/\/spanoasesores.com\/index.php\/novedades-hacienda\/\" \/>\n<meta property=\"og:locale\" content=\"es_ES\" \/>\n<meta property=\"og:type\" content=\"article\" \/>\n<meta property=\"og:title\" content=\"Asesores Fiscales en Murcia | Novedades de Hacienda\" \/>\n<meta property=\"og:description\" content=\"Mantente informado sobre las \u00faltimas novedades fiscales con Grupo Spano Asesores. Expertos en asesor\u00eda fiscal, contable, laboral y jur\u00eddica.\" \/>\n<meta property=\"og:url\" content=\"https:\/\/spanoasesores.com\/index.php\/novedades-hacienda\/\" \/>\n<meta property=\"article:modified_time\" content=\"2025-01-16T09:47:07+00:00\" \/>\n<meta name=\"twitter:card\" content=\"summary_large_image\" \/>\n<meta name=\"twitter:label1\" content=\"Tiempo de lectura\" \/>\n\t<meta name=\"twitter:data1\" content=\"1 minuto\" \/>\n<script type=\"application\/ld+json\" class=\"yoast-schema-graph\">{\"@context\":\"https:\/\/schema.org\",\"@graph\":[{\"@type\":\"WebPage\",\"@id\":\"https:\/\/spanoasesores.com\/index.php\/novedades-hacienda\/\",\"url\":\"https:\/\/spanoasesores.com\/index.php\/novedades-hacienda\/\",\"name\":\"Asesores Fiscales en Murcia | Novedades de Hacienda\",\"isPartOf\":{\"@id\":\"https:\/\/spanoasesores.com\/#website\"},\"datePublished\":\"2025-01-08T11:36:09+00:00\",\"dateModified\":\"2025-01-16T09:47:07+00:00\",\"description\":\"Mantente informado sobre las \u00faltimas novedades fiscales con Grupo Spano Asesores. Expertos en asesor\u00eda fiscal, contable, laboral y jur\u00eddica.\",\"breadcrumb\":{\"@id\":\"https:\/\/spanoasesores.com\/index.php\/novedades-hacienda\/#breadcrumb\"},\"inLanguage\":\"es\",\"potentialAction\":[{\"@type\":\"ReadAction\",\"target\":[\"https:\/\/spanoasesores.com\/index.php\/novedades-hacienda\/\"]}]},{\"@type\":\"BreadcrumbList\",\"@id\":\"https:\/\/spanoasesores.com\/index.php\/novedades-hacienda\/#breadcrumb\",\"itemListElement\":[{\"@type\":\"ListItem\",\"position\":1,\"name\":\"Portada\",\"item\":\"https:\/\/spanoasesores.com\/\"},{\"@type\":\"ListItem\",\"position\":2,\"name\":\"Novedades Hacienda\"}]},{\"@type\":\"WebSite\",\"@id\":\"https:\/\/spanoasesores.com\/#website\",\"url\":\"https:\/\/spanoasesores.com\/\",\"name\":\"\",\"description\":\"\",\"potentialAction\":[{\"@type\":\"SearchAction\",\"target\":{\"@type\":\"EntryPoint\",\"urlTemplate\":\"https:\/\/spanoasesores.com\/?s={search_term_string}\"},\"query-input\":{\"@type\":\"PropertyValueSpecification\",\"valueRequired\":true,\"valueName\":\"search_term_string\"}}],\"inLanguage\":\"es\"}]}<\/script>\n<!-- \/ Yoast SEO plugin. -->","yoast_head_json":{"title":"Asesores Fiscales en Murcia | Novedades de Hacienda","description":"Mantente informado sobre las \u00faltimas novedades fiscales con Grupo Spano Asesores. Expertos en asesor\u00eda fiscal, contable, laboral y jur\u00eddica.","robots":{"index":"index","follow":"follow","max-snippet":"max-snippet:-1","max-image-preview":"max-image-preview:large","max-video-preview":"max-video-preview:-1"},"canonical":"https:\/\/spanoasesores.com\/index.php\/novedades-hacienda\/","og_locale":"es_ES","og_type":"article","og_title":"Asesores Fiscales en Murcia | Novedades de Hacienda","og_description":"Mantente informado sobre las \u00faltimas novedades fiscales con Grupo Spano Asesores. Expertos en asesor\u00eda fiscal, contable, laboral y jur\u00eddica.","og_url":"https:\/\/spanoasesores.com\/index.php\/novedades-hacienda\/","article_modified_time":"2025-01-16T09:47:07+00:00","twitter_card":"summary_large_image","twitter_misc":{"Tiempo de lectura":"1 minuto"},"schema":{"@context":"https:\/\/schema.org","@graph":[{"@type":"WebPage","@id":"https:\/\/spanoasesores.com\/index.php\/novedades-hacienda\/","url":"https:\/\/spanoasesores.com\/index.php\/novedades-hacienda\/","name":"Asesores Fiscales en Murcia | Novedades de Hacienda","isPartOf":{"@id":"https:\/\/spanoasesores.com\/#website"},"datePublished":"2025-01-08T11:36:09+00:00","dateModified":"2025-01-16T09:47:07+00:00","description":"Mantente informado sobre las \u00faltimas novedades fiscales con Grupo Spano Asesores. Expertos en asesor\u00eda fiscal, contable, laboral y jur\u00eddica.","breadcrumb":{"@id":"https:\/\/spanoasesores.com\/index.php\/novedades-hacienda\/#breadcrumb"},"inLanguage":"es","potentialAction":[{"@type":"ReadAction","target":["https:\/\/spanoasesores.com\/index.php\/novedades-hacienda\/"]}]},{"@type":"BreadcrumbList","@id":"https:\/\/spanoasesores.com\/index.php\/novedades-hacienda\/#breadcrumb","itemListElement":[{"@type":"ListItem","position":1,"name":"Portada","item":"https:\/\/spanoasesores.com\/"},{"@type":"ListItem","position":2,"name":"Novedades Hacienda"}]},{"@type":"WebSite","@id":"https:\/\/spanoasesores.com\/#website","url":"https:\/\/spanoasesores.com\/","name":"","description":"","potentialAction":[{"@type":"SearchAction","target":{"@type":"EntryPoint","urlTemplate":"https:\/\/spanoasesores.com\/?s={search_term_string}"},"query-input":{"@type":"PropertyValueSpecification","valueRequired":true,"valueName":"search_term_string"}}],"inLanguage":"es"}]}},"_links":{"self":[{"href":"https:\/\/spanoasesores.com\/index.php\/wp-json\/wp\/v2\/pages\/94","targetHints":{"allow":["GET"]}}],"collection":[{"href":"https:\/\/spanoasesores.com\/index.php\/wp-json\/wp\/v2\/pages"}],"about":[{"href":"https:\/\/spanoasesores.com\/index.php\/wp-json\/wp\/v2\/types\/page"}],"author":[{"embeddable":true,"href":"https:\/\/spanoasesores.com\/index.php\/wp-json\/wp\/v2\/users\/1"}],"replies":[{"embeddable":true,"href":"https:\/\/spanoasesores.com\/index.php\/wp-json\/wp\/v2\/comments?post=94"}],"version-history":[{"count":1,"href":"https:\/\/spanoasesores.com\/index.php\/wp-json\/wp\/v2\/pages\/94\/revisions"}],"predecessor-version":[{"id":95,"href":"https:\/\/spanoasesores.com\/index.php\/wp-json\/wp\/v2\/pages\/94\/revisions\/95"}],"wp:attachment":[{"href":"https:\/\/spanoasesores.com\/index.php\/wp-json\/wp\/v2\/media?parent=94"}],"curies":[{"name":"wp","href":"https:\/\/api.w.org\/{rel}","templated":true}]}}